{"id":59,"date":"2026-01-21T15:10:04","date_gmt":"2026-01-21T15:10:04","guid":{"rendered":"https:\/\/ssbezbednost.rs\/?page_id=59"},"modified":"2026-02-08T18:31:27","modified_gmt":"2026-02-08T18:31:27","slug":"kontakt","status":"publish","type":"page","link":"https:\/\/ssbezbednost.rs\/index.php\/kontakt\/","title":{"rendered":"KONTAKT"},"content":{"rendered":"<p>[et_pb_section fb_built=&#8220;1&#8243; specialty=&#8220;on&#8220; padding_top_1=&#8220;0px&#8220; padding_top_bottom_link_1=&#8220;false&#8220; padding_left_right_link_1=&#8220;false&#8220; admin_label=&#8220;Hero&#8220; _builder_version=&#8220;4.24.3&#8243; _module_preset=&#8220;default&#8220; use_background_color_gradient=&#8220;on&#8220; background_color_gradient_stops=&#8220;rgba(0,0,0,0.6) 0%|rgba(0,0,0,0.6) 100%&#8220; background_color_gradient_overlays_image=&#8220;on&#8220; background_image=&#8220;https:\/\/images.unsplash.com\/photo-1768796372343-99ed316eb5ef?ixid=M3w1ODkyNzF8MHwxfHNlYXJjaHw3fHxzYWZldHklMjBlcXVpcG1lbnQlMjB3b3JrcGxhY2V8ZW58MHwwfHx8MTc2OTAwODE2N3ww&#038;ixlib=rb-4.1.0&#038;fm=webp&#038;fit=crop&#038;crop=entropy&#038;w=1920&#038;h=1080&#038;q=20&#038;dpr=2&#8243; custom_padding=&#8220;8vw||8vw||true|false&#8220; locked=&#8220;off&#8220; collapsed=&#8220;on&#8220; global_colors_info=&#8220;{}&#8220;][et_pb_column type=&#8220;1_2&#8243; _builder_version=&#8220;4.16&#8243; _module_preset=&#8220;73121f80-a3ef-4484-8763-c3f18e3c56d2&#8243; custom_padding=&#8220;|||&#8220; global_colors_info=&#8220;{}&#8220; custom_padding__hover=&#8220;|||&#8220;][et_pb_heading title=&#8220;Kontaktirajte SSBEZBEDNOST za Va\u0161u Bezbednost i Zdravlje na Radu&#8220; _builder_version=&#8220;4.24.3&#8243; _module_preset=&#8220;ddeb8c09-9078-4424-bc15-2efb6572e28e&#8220; title_text_color=&#8220;#FFFFFF&#8220; locked=&#8220;off&#8220; global_colors_info=&#8220;{}&#8220;][\/et_pb_heading][et_pb_text _builder_version=&#8220;4.24.3&#8243; _module_preset=&#8220;0504de1e-f5ff-4281-ba60-cbbe4edf98bc&#8220; locked=&#8220;off&#8220; global_colors_info=&#8220;{}&#8220;]<\/p>\n<p>Otkrijte kako mo\u017eemo unaprediti bezbednost i zdravlje na va\u0161em radnom mestu kroz na\u0161e stru\u010dne usluge i podr\u0161ku.<\/p>\n<p>[\/et_pb_text][et_pb_button button_text=&#8220;Saznajte Vi\u0161e&#8220; _builder_version=&#8220;4.27.5&#8243; _module_preset=&#8220;ab15fb74-61a3-43aa-96b3-41e09aeef654&#8243; hover_enabled=&#8220;0&#8243; global_colors_info=&#8220;{}&#8220; button_text_color=&#8220;#FFFFFF&#8220; button_bg_color=&#8220;#039951&#8243; button_bg_enable_color=&#8220;on&#8220; sticky_enabled=&#8220;0&#8243;][\/et_pb_button][\/et_pb_column][et_pb_column type=&#8220;1_2&#8243; specialty_columns=&#8220;2&#8243; _builder_version=&#8220;4.16&#8243; _module_preset=&#8220;default&#8220; custom_padding=&#8220;|||&#8220; global_colors_info=&#8220;{}&#8220; custom_padding__hover=&#8220;|||&#8220;][et_pb_row_inner _builder_version=&#8220;4.24.3&#8243; _module_preset=&#8220;533f52f4-ee6c-4dcb-aade-f0bc088a737f&#8220; position_origin_a=&#8220;bottom_left&#8220; width=&#8220;100%&#8220; border_radii=&#8220;on|6px|6px|6px|6px&#8220; global_colors_info=&#8220;{}&#8220;][et_pb_column_inner saved_specialty_column_type=&#8220;1_2&#8243; _builder_version=&#8220;4.16.0&#8243; _module_preset=&#8220;73121f80-a3ef-4484-8763-c3f18e3c56d2&#8243; global_colors_info=&#8220;{}&#8220;][et_pb_heading title=&#8220;Va\u0161 Partner za Bezbednost&#8220; _builder_version=&#8220;4.24.3&#8243; _module_preset=&#8220;f0c675ea-2574-4d0e-b725-30f8550a8550&#8243; title_text_align=&#8220;center&#8220; title_text_color=&#8220;gcid-secondary-color&#8220; locked=&#8220;off&#8220; global_colors_info=&#8220;{%22gcid-secondary-color%22:%91%22title_text_color%22%93}&#8220;][\/et_pb_heading][et_pb_heading title=&#8220;Pove\u017eimo se&#8220; _builder_version=&#8220;4.27.4&#8243; _module_preset=&#8220;ba4a6336-701f-47b8-bf5c-09da0ce28016&#8243; title_text_align=&#8220;center&#8220; locked=&#8220;off&#8220; global_colors_info=&#8220;{}&#8220;][\/et_pb_heading][et_pb_text _builder_version=&#8220;4.27.5&#8243; _module_preset=&#8220;2c55a9c4-feed-423b-9edb-ae0b5b365cac&#8220; text_orientation=&#8220;center&#8220; hover_enabled=&#8220;0&#8243; locked=&#8220;off&#8220; global_colors_info=&#8220;{}&#8220; sticky_enabled=&#8220;0&#8243;]<\/p>\n<p>Kontaktirajte nas danas za konsultacije i saznajte kako mo\u017eemo pomo\u0107i va\u0161em poslovanju.<\/p>\n<p>[\/et_pb_text][et_pb_button button_text=&#8220;Kontaktirajte Nas&#8220; button_alignment=&#8220;center&#8220; _builder_version=&#8220;4.27.5&#8243; _module_preset=&#8220;1bffc0fc-42a0-49d1-bd9a-ae3ade2d7206&#8243; button_bg_color=&#8220;#039951&#8243; hover_enabled=&#8220;0&#8243; locked=&#8220;off&#8220; global_colors_info=&#8220;{}&#8220; sticky_enabled=&#8220;0&#8243;][\/et_pb_button][\/et_pb_column_inner][\/et_pb_row_inner][\/et_pb_column][\/et_pb_section][et_pb_section fb_built=&#8220;1&#8243; admin_label=&#8220;Contact Info&#8220; _builder_version=&#8220;4.25.1&#8243; _module_preset=&#8220;default&#8220; collapsed=&#8220;on&#8220; global_colors_info=&#8220;{}&#8220;][et_pb_row column_structure=&#8220;1_3,1_3,1_3&#8243; make_equal=&#8220;on&#8220; _builder_version=&#8220;4.27.5&#8243; _module_preset=&#8220;default&#8220; hover_enabled=&#8220;0&#8243; global_colors_info=&#8220;{}&#8220; sticky_enabled=&#8220;0&#8243;][et_pb_column type=&#8220;1_3&#8243; _builder_version=&#8220;4.27.5&#8243; _module_preset=&#8220;50607da8-57bc-4d4b-aaef-f02e41c2cc4a&#8220; hover_enabled=&#8220;0&#8243; global_colors_info=&#8220;{}&#8220; background_color=&#8220;#039951&#8243; sticky_enabled=&#8220;0&#8243;][et_pb_blurb title=&#8220;Tel&#8220; icon_alignment=&#8220;center&#8220; module_class=&#8220;ai_ignore_all&#8220; _builder_version=&#8220;4.27.4&#8243; _module_preset=&#8220;212b201d-2c34-41bd-936c-851b7357d08b&#8220; text_orientation=&#8220;center&#8220; global_colors_info=&#8220;{}&#8220;]<\/p>\n<p>064\/38-48-519<\/p>\n<p>[\/et_pb_blurb][\/et_pb_column][et_pb_column type=&#8220;1_3&#8243; _builder_version=&#8220;4.27.5&#8243; _module_preset=&#8220;50607da8-57bc-4d4b-aaef-f02e41c2cc4a&#8220; hover_enabled=&#8220;0&#8243; global_colors_info=&#8220;{}&#8220; background_color=&#8220;#039951&#8243; sticky_enabled=&#8220;0&#8243;][et_pb_blurb title=&#8220;Email&#8220; icon_alignment=&#8220;center&#8220; module_class=&#8220;ai_ignore_all&#8220; _builder_version=&#8220;4.27.4&#8243; _module_preset=&#8220;212b201d-2c34-41bd-936c-851b7357d08b&#8220; text_orientation=&#8220;center&#8220; locked=&#8220;off&#8220; global_colors_info=&#8220;{}&#8220;]<\/p>\n<p><a href=\"mailto:office@ssbezbednost.rs\">office@ssbezbednost.rs<\/a><\/p>\n<p>[\/et_pb_blurb][\/et_pb_column][et_pb_column type=&#8220;1_3&#8243; _builder_version=&#8220;4.27.5&#8243; _module_preset=&#8220;50607da8-57bc-4d4b-aaef-f02e41c2cc4a&#8220; hover_enabled=&#8220;0&#8243; global_colors_info=&#8220;{}&#8220; background_color=&#8220;#039951&#8243; sticky_enabled=&#8220;0&#8243;][et_pb_blurb title=&#8220;Adresa&#8220; icon_alignment=&#8220;center&#8220; module_class=&#8220;ai_ignore_all&#8220; _builder_version=&#8220;4.27.4&#8243; _module_preset=&#8220;212b201d-2c34-41bd-936c-851b7357d08b&#8220; text_orientation=&#8220;center&#8220; locked=&#8220;off&#8220; global_colors_info=&#8220;{}&#8220;]<\/p>\n<p>Obrenovac, \u0110a\u010dkog bataljona 18\/2\/21<\/p>\n<p>[\/et_pb_blurb][\/et_pb_column][\/et_pb_row][\/et_pb_section][et_pb_section fb_built=&#8220;1&#8243; admin_label=&#8220;Call to Action&#8220; _builder_version=&#8220;4.24.2&#8243; _module_preset=&#8220;default&#8220; background_color=&#8220;gcid-primary-color&#8220; locked=&#8220;off&#8220; collapsed=&#8220;on&#8220; global_colors_info=&#8220;{%22gcid-primary-color%22:%91%22background_color%22%93}&#8220;][et_pb_row column_structure=&#8220;1_2,1_4,1_4&#8243; _builder_version=&#8220;4.18.0&#8243; _module_preset=&#8220;5138c454-be54-4233-bd3b-f8e6a8747976&#8243; global_colors_info=&#8220;{}&#8220;][et_pb_column type=&#8220;1_2&#8243; _builder_version=&#8220;4.16.0&#8243; _module_preset=&#8220;73121f80-a3ef-4484-8763-c3f18e3c56d2&#8243; global_colors_info=&#8220;{}&#8220;][et_pb_heading title=&#8220;ZATRA\u017dITE KONSULTACIJE&#8220; _builder_version=&#8220;4.27.4&#8243; _module_preset=&#8220;ba4a6336-701f-47b8-bf5c-09da0ce28016&#8243; title_text_color=&#8220;#FFFFFF&#8220; locked=&#8220;off&#8220; global_colors_info=&#8220;{}&#8220;][\/et_pb_heading][\/et_pb_column][et_pb_column type=&#8220;1_4&#8243; _builder_version=&#8220;4.16.0&#8243; _module_preset=&#8220;73121f80-a3ef-4484-8763-c3f18e3c56d2&#8243; global_colors_info=&#8220;{}&#8220;][et_pb_text _builder_version=&#8220;4.27.4&#8243; _module_preset=&#8220;0504de1e-f5ff-4281-ba60-cbbe4edf98bc&#8220; background_layout=&#8220;dark&#8220; locked=&#8220;off&#8220; global_colors_info=&#8220;{%22gcid-36fd78a7-34bc-404d-873c-dafa34efaae5%22:%91%22icon_color%22,%22icon_color%22,%22icon_color%22,%22icon_color%22,%22link_text_color%22%93}&#8220;]<\/p>\n<p>Na\u0161 tim\u00a0 je spreman da odgovori na sva va\u0161a pitanja i pru\u017ei vam personalizovane savete. Ne \u010dekajte, kontaktirajte nas danas!<\/p>\n<p>[\/et_pb_text][\/et_pb_column][et_pb_column type=&#8220;1_4&#8243; _builder_version=&#8220;4.16.0&#8243; _module_preset=&#8220;73121f80-a3ef-4484-8763-c3f18e3c56d2&#8243; global_colors_info=&#8220;{}&#8220;][et_pb_button button_text=&#8220;Zaka\u017eite Sastanak&#8220; button_alignment=&#8220;right&#8220; button_alignment_tablet=&#8220;right&#8220; button_alignment_phone=&#8220;left&#8220; button_alignment_last_edited=&#8220;on|desktop&#8220; _builder_version=&#8220;4.27.5&#8243; _module_preset=&#8220;ab15fb74-61a3-43aa-96b3-41e09aeef654&#8243; hover_enabled=&#8220;0&#8243; global_colors_info=&#8220;{}&#8220; button_text_color=&#8220;#FFFFFF&#8220; button_bg_color=&#8220;#039951&#8243; button_bg_enable_color=&#8220;on&#8220; sticky_enabled=&#8220;0&#8243;][\/et_pb_button][\/et_pb_column][\/et_pb_row][\/et_pb_section]<\/p>\n","protected":false},"excerpt":{"rendered":"<p>Otkrijte kako mo\u017eemo unaprediti bezbednost i zdravlje na va\u0161em radnom mestu kroz na\u0161e stru\u010dne usluge i podr\u0161ku.Kontaktirajte nas danas za konsultacije i saznajte kako mo\u017eemo pomo\u0107i va\u0161em poslovanju.064\/38-48-519office@ssbezbednost.rsObrenovac, \u0110a\u010dkog bataljona 18\/2\/21Na\u0161 tim\u00a0 je spreman da odgovori na sva va\u0161a pitanja i pru\u017ei vam personalizovane savete. Ne \u010dekajte, kontaktirajte nas danas!<\/p>\n","protected":false},"author":2,"featured_media":0,"parent":0,"menu_order":0,"comment_status":"closed","ping_status":"closed","template":"","meta":{"_et_pb_use_builder":"on","_et_pb_old_content":"","_et_gb_content_width":"","footnotes":""},"class_list":["post-59","page","type-page","status-publish","hentry"],"yoast_head":"<!-- This site is optimized with the Yoast SEO plugin v27.3 - https:\/\/yoast.com\/product\/yoast-seo-wordpress\/ -->\n<title>KONTAKT - SS BEZBEDNOST<\/title>\n<meta name=\"robots\" content=\"index, follow, max-snippet:-1, max-image-preview:large, max-video-preview:-1\" \/>\n<link rel=\"canonical\" href=\"https:\/\/ssbezbednost.rs\/index.php\/kontakt\/\" \/>\n<meta property=\"og:locale\" content=\"sr_RS\" \/>\n<meta property=\"og:type\" content=\"article\" \/>\n<meta property=\"og:title\" content=\"KONTAKT - SS BEZBEDNOST\" \/>\n<meta property=\"og:description\" content=\"Otkrijte kako mo\u017eemo unaprediti bezbednost i zdravlje na va\u0161em radnom mestu kroz na\u0161e stru\u010dne usluge i podr\u0161ku.Kontaktirajte nas danas za konsultacije i saznajte kako mo\u017eemo pomo\u0107i va\u0161em poslovanju.064\/38-48-519office@ssbezbednost.rsObrenovac, \u0110a\u010dkog bataljona 18\/2\/21Na\u0161 tim\u00a0 je spreman da odgovori na sva va\u0161a pitanja i pru\u017ei vam personalizovane savete. Ne \u010dekajte, kontaktirajte nas danas!\" \/>\n<meta property=\"og:url\" content=\"https:\/\/ssbezbednost.rs\/index.php\/kontakt\/\" \/>\n<meta property=\"og:site_name\" content=\"SS BEZBEDNOST\" \/>\n<meta property=\"article:modified_time\" content=\"2026-02-08T18:31:27+00:00\" \/>\n<meta name=\"twitter:card\" content=\"summary_large_image\" \/>\n<meta name=\"twitter:label1\" content=\"Procenjeno vreme \u010ditanja\" \/>\n\t<meta name=\"twitter:data1\" content=\"5 minuta\" \/>\n<script type=\"application\/ld+json\" class=\"yoast-schema-graph\">{\"@context\":\"https:\\\/\\\/schema.org\",\"@graph\":[{\"@type\":\"WebPage\",\"@id\":\"https:\\\/\\\/ssbezbednost.rs\\\/index.php\\\/kontakt\\\/\",\"url\":\"https:\\\/\\\/ssbezbednost.rs\\\/index.php\\\/kontakt\\\/\",\"name\":\"KONTAKT - SS BEZBEDNOST\",\"isPartOf\":{\"@id\":\"https:\\\/\\\/ssbezbednost.rs\\\/#website\"},\"datePublished\":\"2026-01-21T15:10:04+00:00\",\"dateModified\":\"2026-02-08T18:31:27+00:00\",\"breadcrumb\":{\"@id\":\"https:\\\/\\\/ssbezbednost.rs\\\/index.php\\\/kontakt\\\/#breadcrumb\"},\"inLanguage\":\"sr-RS\",\"potentialAction\":[{\"@type\":\"ReadAction\",\"target\":[\"https:\\\/\\\/ssbezbednost.rs\\\/index.php\\\/kontakt\\\/\"]}]},{\"@type\":\"BreadcrumbList\",\"@id\":\"https:\\\/\\\/ssbezbednost.rs\\\/index.php\\\/kontakt\\\/#breadcrumb\",\"itemListElement\":[{\"@type\":\"ListItem\",\"position\":1,\"name\":\"\u041f\u043e\u0447\u0435\u0442\u043d\u0430\",\"item\":\"https:\\\/\\\/ssbezbednost.rs\\\/\"},{\"@type\":\"ListItem\",\"position\":2,\"name\":\"KONTAKT\"}]},{\"@type\":\"WebSite\",\"@id\":\"https:\\\/\\\/ssbezbednost.rs\\\/#website\",\"url\":\"https:\\\/\\\/ssbezbednost.rs\\\/\",\"name\":\"SS BEZBEDNOST\",\"description\":\"profesionalni partner za bezbednost i zdravlje na radu\",\"potentialAction\":[{\"@type\":\"SearchAction\",\"target\":{\"@type\":\"EntryPoint\",\"urlTemplate\":\"https:\\\/\\\/ssbezbednost.rs\\\/?s={search_term_string}\"},\"query-input\":{\"@type\":\"PropertyValueSpecification\",\"valueRequired\":true,\"valueName\":\"search_term_string\"}}],\"inLanguage\":\"sr-RS\"}]}<\/script>\n<!-- \/ Yoast SEO plugin. -->","yoast_head_json":{"title":"KONTAKT - SS BEZBEDNOST","robots":{"index":"index","follow":"follow","max-snippet":"max-snippet:-1","max-image-preview":"max-image-preview:large","max-video-preview":"max-video-preview:-1"},"canonical":"https:\/\/ssbezbednost.rs\/index.php\/kontakt\/","og_locale":"sr_RS","og_type":"article","og_title":"KONTAKT - SS BEZBEDNOST","og_description":"Otkrijte kako mo\u017eemo unaprediti bezbednost i zdravlje na va\u0161em radnom mestu kroz na\u0161e stru\u010dne usluge i podr\u0161ku.Kontaktirajte nas danas za konsultacije i saznajte kako mo\u017eemo pomo\u0107i va\u0161em poslovanju.064\/38-48-519office@ssbezbednost.rsObrenovac, \u0110a\u010dkog bataljona 18\/2\/21Na\u0161 tim\u00a0 je spreman da odgovori na sva va\u0161a pitanja i pru\u017ei vam personalizovane savete. Ne \u010dekajte, kontaktirajte nas danas!","og_url":"https:\/\/ssbezbednost.rs\/index.php\/kontakt\/","og_site_name":"SS BEZBEDNOST","article_modified_time":"2026-02-08T18:31:27+00:00","twitter_card":"summary_large_image","twitter_misc":{"Procenjeno vreme \u010ditanja":"5 minuta"},"schema":{"@context":"https:\/\/schema.org","@graph":[{"@type":"WebPage","@id":"https:\/\/ssbezbednost.rs\/index.php\/kontakt\/","url":"https:\/\/ssbezbednost.rs\/index.php\/kontakt\/","name":"KONTAKT - SS BEZBEDNOST","isPartOf":{"@id":"https:\/\/ssbezbednost.rs\/#website"},"datePublished":"2026-01-21T15:10:04+00:00","dateModified":"2026-02-08T18:31:27+00:00","breadcrumb":{"@id":"https:\/\/ssbezbednost.rs\/index.php\/kontakt\/#breadcrumb"},"inLanguage":"sr-RS","potentialAction":[{"@type":"ReadAction","target":["https:\/\/ssbezbednost.rs\/index.php\/kontakt\/"]}]},{"@type":"BreadcrumbList","@id":"https:\/\/ssbezbednost.rs\/index.php\/kontakt\/#breadcrumb","itemListElement":[{"@type":"ListItem","position":1,"name":"\u041f\u043e\u0447\u0435\u0442\u043d\u0430","item":"https:\/\/ssbezbednost.rs\/"},{"@type":"ListItem","position":2,"name":"KONTAKT"}]},{"@type":"WebSite","@id":"https:\/\/ssbezbednost.rs\/#website","url":"https:\/\/ssbezbednost.rs\/","name":"SS BEZBEDNOST","description":"profesionalni partner za bezbednost i zdravlje na radu","potentialAction":[{"@type":"SearchAction","target":{"@type":"EntryPoint","urlTemplate":"https:\/\/ssbezbednost.rs\/?s={search_term_string}"},"query-input":{"@type":"PropertyValueSpecification","valueRequired":true,"valueName":"search_term_string"}}],"inLanguage":"sr-RS"}]}},"_links":{"self":[{"href":"https:\/\/ssbezbednost.rs\/index.php\/wp-json\/wp\/v2\/pages\/59","targetHints":{"allow":["GET"]}}],"collection":[{"href":"https:\/\/ssbezbednost.rs\/index.php\/wp-json\/wp\/v2\/pages"}],"about":[{"href":"https:\/\/ssbezbednost.rs\/index.php\/wp-json\/wp\/v2\/types\/page"}],"author":[{"embeddable":true,"href":"https:\/\/ssbezbednost.rs\/index.php\/wp-json\/wp\/v2\/users\/2"}],"replies":[{"embeddable":true,"href":"https:\/\/ssbezbednost.rs\/index.php\/wp-json\/wp\/v2\/comments?post=59"}],"version-history":[{"count":7,"href":"https:\/\/ssbezbednost.rs\/index.php\/wp-json\/wp\/v2\/pages\/59\/revisions"}],"predecessor-version":[{"id":308,"href":"https:\/\/ssbezbednost.rs\/index.php\/wp-json\/wp\/v2\/pages\/59\/revisions\/308"}],"wp:attachment":[{"href":"https:\/\/ssbezbednost.rs\/index.php\/wp-json\/wp\/v2\/media?parent=59"}],"curies":[{"name":"wp","href":"https:\/\/api.w.org\/{rel}","templated":true}]}}