{"id":57,"date":"2026-01-21T15:10:04","date_gmt":"2026-01-21T15:10:04","guid":{"rendered":"https:\/\/ssbezbednost.rs\/?page_id=57"},"modified":"2026-02-05T17:12:06","modified_gmt":"2026-02-05T17:12:06","slug":"o-nama","status":"publish","type":"page","link":"https:\/\/ssbezbednost.rs\/index.php\/o-nama\/","title":{"rendered":"O NAMA"},"content":{"rendered":"<p>[et_pb_section fb_built=&#8220;1&#8243; admin_label=&#8220;Hero&#8220; _builder_version=&#8220;4.27.5&#8243; _module_preset=&#8220;default&#8220; background_color=&#8220;#041b2a&#8220; use_background_color_gradient=&#8220;on&#8220; background_color_gradient_stops=&#8220;rgba(0,0,0,0.29) 0%|rgba(255,255,255,0) 100%&#8220; background_color_gradient_overlays_image=&#8220;on&#8220; background_color_gradient_start=&#8220;rgba(0,0,0,0.5)&#8220; background_color_gradient_end=&#8220;rgba(0,0,0,0.75)&#8220; background_enable_image=&#8220;off&#8220; background_enable_mask_style=&#8220;on&#8220; background_mask_style=&#8220;wave&#8220; custom_padding=&#8220;0vw||0vw||true|false&#8220; hover_enabled=&#8220;0&#8243; locked=&#8220;off&#8220; collapsed=&#8220;on&#8220; global_colors_info=&#8220;{}&#8220; width=&#8220;100%&#8220; max_width=&#8220;100%&#8220; min_height=&#8220;591px&#8220; height=&#8220;736px&#8220; min_height_last_edited=&#8220;on|desktop&#8220; sticky_enabled=&#8220;0&#8243; min_height_tablet=&#8220;591px&#8220; min_height_phone=&#8220;591px&#8220;][et_pb_row column_structure=&#8220;1_2,1_2&#8243; _builder_version=&#8220;4.24.2&#8243; _module_preset=&#8220;5138c454-be54-4233-bd3b-f8e6a8747976&#8243; locked=&#8220;off&#8220; global_colors_info=&#8220;{}&#8220;][et_pb_column type=&#8220;1_2&#8243; _builder_version=&#8220;4.23.1&#8243; _module_preset=&#8220;73121f80-a3ef-4484-8763-c3f18e3c56d2&#8243; global_colors_info=&#8220;{}&#8220;][et_pb_heading title=&#8220;O Nama&#8220; _builder_version=&#8220;4.24.2&#8243; _module_preset=&#8220;f0c675ea-2574-4d0e-b725-30f8550a8550&#8243; title_text_color=&#8220;gcid-primary-color&#8220; locked=&#8220;off&#8220; global_colors_info=&#8220;{%22gcid-primary-color%22:%91%22title_text_color%22%93}&#8220;][\/et_pb_heading][et_pb_heading title=&#8220;Na\u0161a Posve\u0107enost Bezbednosti i Zdravlju na Radu&#8220; _builder_version=&#8220;4.24.2&#8243; _module_preset=&#8220;ddeb8c09-9078-4424-bc15-2efb6572e28e&#8220; hover_enabled=&#8220;0&#8243; locked=&#8220;off&#8220; global_colors_info=&#8220;{}&#8220; sticky_enabled=&#8220;0&#8243;][\/et_pb_heading][et_pb_text _builder_version=&#8220;4.27.5&#8243; _module_preset=&#8220;2c55a9c4-feed-423b-9edb-ae0b5b365cac&#8220; locked=&#8220;off&#8220; global_colors_info=&#8220;{}&#8220;]<\/p>\n<p>SS Bezbednost je va\u0161 profesionalni partner u obezbe\u0111ivanju sigurnog i zdravog radnog okru\u017eenja, posve\u0107en unapre\u0111enju standarda bezbednosti na radnom mestu.<\/p>\n<p>[\/et_pb_text][et_pb_button button_text=&#8220;Saznajte Vi\u0161e&#8220; _builder_version=&#8220;4.27.5&#8243; _module_preset=&#8220;1bffc0fc-42a0-49d1-bd9a-ae3ade2d7206&#8243; locked=&#8220;off&#8220; global_colors_info=&#8220;{}&#8220;][\/et_pb_button][\/et_pb_column][et_pb_column type=&#8220;1_2&#8243; _builder_version=&#8220;4.23.1&#8243; _module_preset=&#8220;73121f80-a3ef-4484-8763-c3f18e3c56d2&#8243; global_colors_info=&#8220;{}&#8220;][et_pb_image src=&#8220;https:\/\/images.unsplash.com\/photo-1600645896997-3c00e14c0b23?ixid=M3w1ODkyNzF8MHwxfHNlYXJjaHwxMHx8Y29uc3RydWN0aW9uJTIwc2FmZXR5fGVufDB8Mnx8fDE3NjkwMDgxNTB8MA&#038;ixlib=rb-4.1.0&#038;fm=webp&#038;fit=crop&#038;crop=entropy&#038;w=800&#038;h=800&#038;q=20&#038;dpr=2&#8243; title_text=&#8220;800&#215;800&#8243; _builder_version=&#8220;4.25.2&#8243; _module_preset=&#8220;1cc6152f-565c-4c4d-b0c9-cf8c9576c341&#8243; box_shadow_style=&#8220;preset4&#8243; box_shadow_horizontal=&#8220;0px&#8220; box_shadow_vertical=&#8220;24px&#8220; box_shadow_blur=&#8220;72px&#8220; box_shadow_spread=&#8220;-12px&#8220; locked=&#8220;off&#8220; global_colors_info=&#8220;{}&#8220;][\/et_pb_image][\/et_pb_column][\/et_pb_row][\/et_pb_section][et_pb_section fb_built=&#8220;1&#8243; admin_label=&#8220;About&#8220; _builder_version=&#8220;4.25.1&#8243; _module_preset=&#8220;default&#8220; locked=&#8220;off&#8220; collapsed=&#8220;on&#8220; global_colors_info=&#8220;{}&#8220;][et_pb_row _builder_version=&#8220;4.25.1&#8243; _module_preset=&#8220;default&#8220; global_colors_info=&#8220;{}&#8220;][et_pb_column type=&#8220;4_4&#8243; _builder_version=&#8220;4.25.1&#8243; _module_preset=&#8220;default&#8220; global_colors_info=&#8220;{}&#8220;][et_pb_heading title=&#8220;O SS BEZBEDNOST-i&#8220; _builder_version=&#8220;4.27.5&#8243; _module_preset=&#8220;c33f07d9-41e0-421a-8799-5799df695cce&#8220; title_text_align=&#8220;center&#8220; global_colors_info=&#8220;{}&#8220;][\/et_pb_heading][\/et_pb_column][\/et_pb_row][et_pb_row column_structure=&#8220;1_2,1_2&#8243; _builder_version=&#8220;4.25.1&#8243; _module_preset=&#8220;default&#8220; global_colors_info=&#8220;{}&#8220;][et_pb_column type=&#8220;1_2&#8243; _builder_version=&#8220;4.25.1&#8243; _module_preset=&#8220;default&#8220; global_colors_info=&#8220;{}&#8220;][et_pb_text _builder_version=&#8220;4.27.5&#8243; _module_preset=&#8220;2c55a9c4-feed-423b-9edb-ae0b5b365cac&#8220; global_colors_info=&#8220;{}&#8220;]<\/p>\n<p>SS Bezbednost je firma specijalizovana za pru\u017eanje usluga iz oblasti bezbednosti i zdravlja na radu. Na\u0161a misija je da pomognemo kompanijama da stvore sigurno i zdravo radno okru\u017eenje, u skladu sa va\u017ee\u0107im zakonima i propisima.<\/p>\n<p>Sa timom stru\u010dnjaka sa vi\u0161egodi\u0161njim iskustvom, pru\u017eamo kompletna re\u0161enja \u2013 od procene rizika, izrade akata, obuka zaposlenih, do stalnog savetovanja i podr\u0161ke. Na\u0161 cilj je da za\u0161titimo va\u0161e zaposlene, smanjimo rizike i obezbedimo kontinuitet va\u0161eg poslovanja.<\/p>\n<p>Kroz individualni pristup svakoj firmi, prilago\u0111avamo na\u0161e usluge va\u0161im specifi\u010dnim potrebama i delatnosti. Verujemo da bezbedno radno okru\u017eenje nije samo zakonska obaveza, ve\u0107 i temelj uspe\u0161nog poslovanja.<\/p>\n<p>[\/et_pb_text][\/et_pb_column][et_pb_column type=&#8220;1_2&#8243; _builder_version=&#8220;4.25.1&#8243; _module_preset=&#8220;default&#8220; global_colors_info=&#8220;{}&#8220;][et_pb_image src=&#8220;https:\/\/ssbezbednost.rs\/wp-content\/uploads\/2026\/02\/safety.jpg&#8220; title_text=&#8220;safety&#8220; _builder_version=&#8220;4.27.5&#8243; _module_preset=&#8220;default&#8220; global_colors_info=&#8220;{}&#8220;][\/et_pb_image][\/et_pb_column][\/et_pb_row][\/et_pb_section][et_pb_section fb_built=&#8220;1&#8243; admin_label=&#8220;Team&#8220; _builder_version=&#8220;4.17.1&#8243; _module_preset=&#8220;default&#8220; locked=&#8220;off&#8220; collapsed=&#8220;on&#8220; global_colors_info=&#8220;{}&#8220;][et_pb_row _builder_version=&#8220;4.18.0&#8243; _module_preset=&#8220;5138c454-be54-4233-bd3b-f8e6a8747976&#8243; locked=&#8220;off&#8220; global_colors_info=&#8220;{}&#8220;][et_pb_column type=&#8220;4_4&#8243; _builder_version=&#8220;4.17.1&#8243; _module_preset=&#8220;73121f80-a3ef-4484-8763-c3f18e3c56d2&#8243; global_colors_info=&#8220;{}&#8220;][et_pb_heading title=&#8220;NA\u0160 TIM&#8220; _builder_version=&#8220;4.27.5&#8243; _module_preset=&#8220;c33f07d9-41e0-421a-8799-5799df695cce&#8220; title_text_align=&#8220;center&#8220; global_colors_info=&#8220;{}&#8220;][\/et_pb_heading][et_pb_text _builder_version=&#8220;4.27.5&#8243; _module_preset=&#8220;2c55a9c4-feed-423b-9edb-ae0b5b365cac&#8220; text_orientation=&#8220;center&#8220; max_width=&#8220;800px&#8220; module_alignment=&#8220;center&#8220; locked=&#8220;off&#8220; global_colors_info=&#8220;{}&#8220;]<\/p>\n<p>Tim stru\u010dnjaka sa vi\u0161egodi\u0161njim iskustvom, pru\u017eamo kompletna re\u0161enja \u2013 od procene rizika, izrade akata, obuka zaposlenih, do stalnog savetovanja i podr\u0161ke. Na\u0161 cilj je da za\u0161titimo va\u0161e zaposlene, smanjimo rizike i obezbedimo kontinuitet va\u0161eg poslovanja.<\/p>\n<p>[\/et_pb_text][\/et_pb_column][\/et_pb_row][\/et_pb_section][et_pb_section fb_built=&#8220;1&#8243; admin_label=&#8220;Text&#8220; _builder_version=&#8220;4.18.0&#8243; _module_preset=&#8220;default&#8220; locked=&#8220;off&#8220; collapsed=&#8220;on&#8220; global_colors_info=&#8220;{}&#8220;][et_pb_row column_structure=&#8220;1_3,1_3,1_3&#8243; _builder_version=&#8220;4.24.2&#8243; _module_preset=&#8220;5138c454-be54-4233-bd3b-f8e6a8747976&#8243; border_color_all=&#8220;rgba(0,0,0,0.08)&#8220; border_width_top=&#8220;2px&#8220; global_colors_info=&#8220;{}&#8220;][et_pb_column type=&#8220;1_3&#8243; _builder_version=&#8220;4.18.0&#8243; _module_preset=&#8220;73121f80-a3ef-4484-8763-c3f18e3c56d2&#8243; global_colors_info=&#8220;{}&#8220;][et_pb_heading title=&#8220;Na\u0161a Posve\u0107enost&#8220; _builder_version=&#8220;4.24.2&#8243; _module_preset=&#8220;8c21dae4-c59d-4c2b-958c-0e045c7f06d6&#8243; locked=&#8220;off&#8220; global_colors_info=&#8220;{}&#8220;][\/et_pb_heading][et_pb_text _builder_version=&#8220;4.27.5&#8243; _module_preset=&#8220;2c55a9c4-feed-423b-9edb-ae0b5b365cac&#8220; locked=&#8220;off&#8220; global_colors_info=&#8220;{}&#8220;]<\/p>\n<p>Ponosimo se svojom nepokolebljivom posve\u0107eno\u0161\u0107u kvalitetu i dugoro\u010dnoj sigurnosti u oblasti bezbednosti i zdravlja na radu. Neprestano radimo na unapre\u0111enju procedura i standarda kako bismo osigurali najvi\u0161i nivo za\u0161tite za sve na\u0161e klijente. Konstantno ula\u017eemo u inovativne metode i edukaciju kako bismo ostali lideri u industriji.<\/p>\n<p>[\/et_pb_text][\/et_pb_column][et_pb_column type=&#8220;1_3&#8243; _builder_version=&#8220;4.18.0&#8243; _module_preset=&#8220;73121f80-a3ef-4484-8763-c3f18e3c56d2&#8243; global_colors_info=&#8220;{}&#8220;][et_pb_heading title=&#8220;Na\u0161a Misija&#8220; _builder_version=&#8220;4.24.2&#8243; _module_preset=&#8220;8c21dae4-c59d-4c2b-958c-0e045c7f06d6&#8243; locked=&#8220;off&#8220; global_colors_info=&#8220;{}&#8220;][\/et_pb_heading][et_pb_text _builder_version=&#8220;4.24.2&#8243; _module_preset=&#8220;2c55a9c4-feed-423b-9edb-ae0b5b365cac&#8220; locked=&#8220;off&#8220; global_colors_info=&#8220;{}&#8220;]<\/p>\n<p>Na\u0161a misija je da pru\u017eimo vrhunske usluge u oblasti bezbednosti i zdravlja na radu, osiguravaju\u0107i da svaki radni prostor bude siguran i zdrav za sve zaposlene. Kroz na\u0161u stru\u010dnost i iskustvo, poma\u017eemo kompanijama da ispune zakonske obaveze i unaprede svoje radno okru\u017eenje.<\/p>\n<p>[\/et_pb_text][\/et_pb_column][et_pb_column type=&#8220;1_3&#8243; _builder_version=&#8220;4.18.0&#8243; _module_preset=&#8220;73121f80-a3ef-4484-8763-c3f18e3c56d2&#8243; global_colors_info=&#8220;{}&#8220;][et_pb_heading title=&#8220;Na\u0161a Vizija&#8220; _builder_version=&#8220;4.24.2&#8243; _module_preset=&#8220;8c21dae4-c59d-4c2b-958c-0e045c7f06d6&#8243; locked=&#8220;off&#8220; global_colors_info=&#8220;{}&#8220;][\/et_pb_heading][et_pb_text _builder_version=&#8220;4.27.5&#8243; _module_preset=&#8220;2c55a9c4-feed-423b-9edb-ae0b5b365cac&#8220; locked=&#8220;off&#8220; global_colors_info=&#8220;{}&#8220;]<\/p>\n<p>Na\u0161a bizija je da postane sinonim za sigurnost i kvalitet u oblasti bezbednosti i zdravlja na radu. Te\u017eimo ka tome da budemo prvi izbor za kompanije koje \u017eele da za\u0161tite svoje zaposlene i unaprede svoje poslovanje kroz efikasne i prilago\u0111ene bezbednosne strategije.<\/p>\n<p>[\/et_pb_text][\/et_pb_column][\/et_pb_row][\/et_pb_section]<\/p>\n","protected":false},"excerpt":{"rendered":"<p>SS Bezbednost je va\u0161 profesionalni partner u obezbe\u0111ivanju sigurnog i zdravog radnog okru\u017eenja, posve\u0107en unapre\u0111enju standarda bezbednosti na radnom mestu.SS Bezbednost je firma specijalizovana za pru\u017eanje usluga iz oblasti bezbednosti i zdravlja na radu. Na\u0161a misija je da pomognemo kompanijama da stvore sigurno i zdravo radno okru\u017eenje, u skladu sa va\u017ee\u0107im zakonima i propisima. Sa [&hellip;]<\/p>\n","protected":false},"author":2,"featured_media":0,"parent":0,"menu_order":0,"comment_status":"closed","ping_status":"closed","template":"","meta":{"_et_pb_use_builder":"on","_et_pb_old_content":"","_et_gb_content_width":"","footnotes":""},"class_list":["post-57","page","type-page","status-publish","hentry"],"yoast_head":"<!-- This site is optimized with the Yoast SEO plugin v27.3 - https:\/\/yoast.com\/product\/yoast-seo-wordpress\/ -->\n<title>O NAMA - SS BEZBEDNOST<\/title>\n<meta name=\"robots\" content=\"index, follow, max-snippet:-1, max-image-preview:large, max-video-preview:-1\" \/>\n<link rel=\"canonical\" href=\"https:\/\/ssbezbednost.rs\/index.php\/o-nama\/\" \/>\n<meta property=\"og:locale\" content=\"sr_RS\" \/>\n<meta property=\"og:type\" content=\"article\" \/>\n<meta property=\"og:title\" content=\"O NAMA - SS BEZBEDNOST\" \/>\n<meta property=\"og:description\" content=\"SS Bezbednost je va\u0161 profesionalni partner u obezbe\u0111ivanju sigurnog i zdravog radnog okru\u017eenja, posve\u0107en unapre\u0111enju standarda bezbednosti na radnom mestu.SS Bezbednost je firma specijalizovana za pru\u017eanje usluga iz oblasti bezbednosti i zdravlja na radu. Na\u0161a misija je da pomognemo kompanijama da stvore sigurno i zdravo radno okru\u017eenje, u skladu sa va\u017ee\u0107im zakonima i propisima. Sa [&hellip;]\" \/>\n<meta property=\"og:url\" content=\"https:\/\/ssbezbednost.rs\/index.php\/o-nama\/\" \/>\n<meta property=\"og:site_name\" content=\"SS BEZBEDNOST\" \/>\n<meta property=\"article:modified_time\" content=\"2026-02-05T17:12:06+00:00\" \/>\n<meta name=\"twitter:card\" content=\"summary_large_image\" \/>\n<meta name=\"twitter:label1\" content=\"Procenjeno vreme \u010ditanja\" \/>\n\t<meta name=\"twitter:data1\" content=\"7 minuta\" \/>\n<script type=\"application\/ld+json\" class=\"yoast-schema-graph\">{\"@context\":\"https:\\\/\\\/schema.org\",\"@graph\":[{\"@type\":\"WebPage\",\"@id\":\"https:\\\/\\\/ssbezbednost.rs\\\/index.php\\\/o-nama\\\/\",\"url\":\"https:\\\/\\\/ssbezbednost.rs\\\/index.php\\\/o-nama\\\/\",\"name\":\"O NAMA - SS BEZBEDNOST\",\"isPartOf\":{\"@id\":\"https:\\\/\\\/ssbezbednost.rs\\\/#website\"},\"datePublished\":\"2026-01-21T15:10:04+00:00\",\"dateModified\":\"2026-02-05T17:12:06+00:00\",\"breadcrumb\":{\"@id\":\"https:\\\/\\\/ssbezbednost.rs\\\/index.php\\\/o-nama\\\/#breadcrumb\"},\"inLanguage\":\"sr-RS\",\"potentialAction\":[{\"@type\":\"ReadAction\",\"target\":[\"https:\\\/\\\/ssbezbednost.rs\\\/index.php\\\/o-nama\\\/\"]}]},{\"@type\":\"BreadcrumbList\",\"@id\":\"https:\\\/\\\/ssbezbednost.rs\\\/index.php\\\/o-nama\\\/#breadcrumb\",\"itemListElement\":[{\"@type\":\"ListItem\",\"position\":1,\"name\":\"\u041f\u043e\u0447\u0435\u0442\u043d\u0430\",\"item\":\"https:\\\/\\\/ssbezbednost.rs\\\/\"},{\"@type\":\"ListItem\",\"position\":2,\"name\":\"O NAMA\"}]},{\"@type\":\"WebSite\",\"@id\":\"https:\\\/\\\/ssbezbednost.rs\\\/#website\",\"url\":\"https:\\\/\\\/ssbezbednost.rs\\\/\",\"name\":\"SS BEZBEDNOST\",\"description\":\"profesionalni partner za bezbednost i zdravlje na radu\",\"potentialAction\":[{\"@type\":\"SearchAction\",\"target\":{\"@type\":\"EntryPoint\",\"urlTemplate\":\"https:\\\/\\\/ssbezbednost.rs\\\/?s={search_term_string}\"},\"query-input\":{\"@type\":\"PropertyValueSpecification\",\"valueRequired\":true,\"valueName\":\"search_term_string\"}}],\"inLanguage\":\"sr-RS\"}]}<\/script>\n<!-- \/ Yoast SEO plugin. -->","yoast_head_json":{"title":"O NAMA - SS BEZBEDNOST","robots":{"index":"index","follow":"follow","max-snippet":"max-snippet:-1","max-image-preview":"max-image-preview:large","max-video-preview":"max-video-preview:-1"},"canonical":"https:\/\/ssbezbednost.rs\/index.php\/o-nama\/","og_locale":"sr_RS","og_type":"article","og_title":"O NAMA - SS BEZBEDNOST","og_description":"SS Bezbednost je va\u0161 profesionalni partner u obezbe\u0111ivanju sigurnog i zdravog radnog okru\u017eenja, posve\u0107en unapre\u0111enju standarda bezbednosti na radnom mestu.SS Bezbednost je firma specijalizovana za pru\u017eanje usluga iz oblasti bezbednosti i zdravlja na radu. Na\u0161a misija je da pomognemo kompanijama da stvore sigurno i zdravo radno okru\u017eenje, u skladu sa va\u017ee\u0107im zakonima i propisima. Sa [&hellip;]","og_url":"https:\/\/ssbezbednost.rs\/index.php\/o-nama\/","og_site_name":"SS BEZBEDNOST","article_modified_time":"2026-02-05T17:12:06+00:00","twitter_card":"summary_large_image","twitter_misc":{"Procenjeno vreme \u010ditanja":"7 minuta"},"schema":{"@context":"https:\/\/schema.org","@graph":[{"@type":"WebPage","@id":"https:\/\/ssbezbednost.rs\/index.php\/o-nama\/","url":"https:\/\/ssbezbednost.rs\/index.php\/o-nama\/","name":"O NAMA - SS BEZBEDNOST","isPartOf":{"@id":"https:\/\/ssbezbednost.rs\/#website"},"datePublished":"2026-01-21T15:10:04+00:00","dateModified":"2026-02-05T17:12:06+00:00","breadcrumb":{"@id":"https:\/\/ssbezbednost.rs\/index.php\/o-nama\/#breadcrumb"},"inLanguage":"sr-RS","potentialAction":[{"@type":"ReadAction","target":["https:\/\/ssbezbednost.rs\/index.php\/o-nama\/"]}]},{"@type":"BreadcrumbList","@id":"https:\/\/ssbezbednost.rs\/index.php\/o-nama\/#breadcrumb","itemListElement":[{"@type":"ListItem","position":1,"name":"\u041f\u043e\u0447\u0435\u0442\u043d\u0430","item":"https:\/\/ssbezbednost.rs\/"},{"@type":"ListItem","position":2,"name":"O NAMA"}]},{"@type":"WebSite","@id":"https:\/\/ssbezbednost.rs\/#website","url":"https:\/\/ssbezbednost.rs\/","name":"SS BEZBEDNOST","description":"profesionalni partner za bezbednost i zdravlje na radu","potentialAction":[{"@type":"SearchAction","target":{"@type":"EntryPoint","urlTemplate":"https:\/\/ssbezbednost.rs\/?s={search_term_string}"},"query-input":{"@type":"PropertyValueSpecification","valueRequired":true,"valueName":"search_term_string"}}],"inLanguage":"sr-RS"}]}},"_links":{"self":[{"href":"https:\/\/ssbezbednost.rs\/index.php\/wp-json\/wp\/v2\/pages\/57","targetHints":{"allow":["GET"]}}],"collection":[{"href":"https:\/\/ssbezbednost.rs\/index.php\/wp-json\/wp\/v2\/pages"}],"about":[{"href":"https:\/\/ssbezbednost.rs\/index.php\/wp-json\/wp\/v2\/types\/page"}],"author":[{"embeddable":true,"href":"https:\/\/ssbezbednost.rs\/index.php\/wp-json\/wp\/v2\/users\/2"}],"replies":[{"embeddable":true,"href":"https:\/\/ssbezbednost.rs\/index.php\/wp-json\/wp\/v2\/comments?post=57"}],"version-history":[{"count":14,"href":"https:\/\/ssbezbednost.rs\/index.php\/wp-json\/wp\/v2\/pages\/57\/revisions"}],"predecessor-version":[{"id":298,"href":"https:\/\/ssbezbednost.rs\/index.php\/wp-json\/wp\/v2\/pages\/57\/revisions\/298"}],"wp:attachment":[{"href":"https:\/\/ssbezbednost.rs\/index.php\/wp-json\/wp\/v2\/media?parent=57"}],"curies":[{"name":"wp","href":"https:\/\/api.w.org\/{rel}","templated":true}]}}